{"id":5816,"date":"2024-10-01T21:17:08","date_gmt":"2024-10-02T00:17:08","guid":{"rendered":"https:\/\/www.relookingimagem.com.br\/?page_id=5816"},"modified":"2024-10-15T20:47:21","modified_gmt":"2024-10-15T23:47:21","slug":"agendamento-consultoria-gratuita","status":"publish","type":"page","link":"https:\/\/www.relookingimagem.com.br\/fr\/agendamento-consultoria-gratuita\/","title":{"rendered":"Agendamento Consultoria Gratuita"},"content":{"rendered":"<div data-elementor-type=\"wp-page\" data-elementor-id=\"5816\" class=\"elementor elementor-5816\" data-elementor-post-type=\"page\">\n\t\t\t\t<div class=\"elementor-element elementor-element-0be6646 e-flex e-con-boxed e-con e-parent\" data-id=\"0be6646\" data-element_type=\"container\" data-e-type=\"container\">\n\t\t\t\t\t<div class=\"e-con-inner\">\n\t\t\t\t<div class=\"elementor-element elementor-element-5e8edab elementor-widget__width-initial elementor-widget elementor-widget-heading\" data-id=\"5e8edab\" data-element_type=\"widget\" data-e-type=\"widget\" data-widget_type=\"heading.default\">\n\t\t\t\t\t<h2 class=\"elementor-heading-title elementor-size-default\">Calendrier de consultation gratuit<\/h2>\t\t\t\t<\/div>\n\t\t\t\t<div class=\"elementor-element elementor-element-497c1df elementor-button-align-start elementor-widget elementor-widget-form\" data-id=\"497c1df\" data-element_type=\"widget\" data-e-type=\"widget\" data-settings=\"{&quot;step_next_label&quot;:&quot;Pr\\u00f3ximo&quot;,&quot;step_previous_label&quot;:&quot;Anterior&quot;,&quot;button_width&quot;:&quot;100&quot;,&quot;step_type&quot;:&quot;number_text&quot;,&quot;step_icon_shape&quot;:&quot;circle&quot;}\" data-widget_type=\"form.default\">\n\t\t\t\t\t\t\t<form class=\"elementor-form\" method=\"post\" name=\"Consulta Gratuita\" aria-label=\"Consulta Gratuita\" action=\"\">\n\t\t\t<input type=\"hidden\" name=\"post_id\" value=\"5816\"\/>\n\t\t\t<input type=\"hidden\" name=\"form_id\" value=\"497c1df\"\/>\n\t\t\t<input type=\"hidden\" name=\"referer_title\" value=\"Agendamento Consultoria Gratuita - Relooking Imagem\" \/>\n\n\t\t\t\t\t\t\t<input type=\"hidden\" name=\"queried_id\" value=\"5816\"\/>\n\t\t\t\n\t\t\t<div class=\"elementor-form-fields-wrapper elementor-labels-above\">\n\t\t\t\t\t\t\t\t<div class=\"elementor-field-type-text elementor-field-group elementor-column elementor-field-group-name elementor-col-50 elementor-field-required\">\n\t\t\t\t\t\t\t\t\t\t\t\t<label for=\"form-field-name\" class=\"elementor-field-label\">\n\t\t\t\t\t\t\t\tPr\u00e9nom - Nom\t\t\t\t\t\t\t<\/label>\n\t\t\t\t\t\t\t\t\t\t\t\t\t\t<input size=\"1\" type=\"text\" name=\"form_fields[name]\" id=\"form-field-name\" class=\"elementor-field elementor-size-sm  elementor-field-textual\" placeholder=\"Pr\u00e9nom - Nom\" required=\"required\">\n\t\t\t\t\t\t\t\t\t\t\t<\/div>\n\t\t\t\t\t\t\t\t<div class=\"elementor-field-type-email elementor-field-group elementor-column elementor-field-group-email elementor-col-50 elementor-field-required\">\n\t\t\t\t\t\t\t\t\t\t\t\t<label for=\"form-field-email\" class=\"elementor-field-label\">\n\t\t\t\t\t\t\t\tE-mail\t\t\t\t\t\t\t<\/label>\n\t\t\t\t\t\t\t\t\t\t\t\t\t\t<input size=\"1\" type=\"email\" name=\"form_fields[email]\" id=\"form-field-email\" class=\"elementor-field elementor-size-sm  elementor-field-textual\" placeholder=\"E-mail\" required=\"required\">\n\t\t\t\t\t\t\t\t\t\t\t<\/div>\n\t\t\t\t\t\t\t\t<div class=\"elementor-field-type-text elementor-field-group elementor-column elementor-field-group-message elementor-col-100\">\n\t\t\t\t\t\t\t\t\t\t\t\t<label for=\"form-field-message\" class=\"elementor-field-label\">\n\t\t\t\t\t\t\t\tQuelle est votre principale pr\u00e9occupation concernant votre image personnelle ou professionnelle?\t\t\t\t\t\t\t<\/label>\n\t\t\t\t\t\t\t\t\t\t\t\t\t\t<input size=\"1\" type=\"text\" name=\"form_fields[message]\" id=\"form-field-message\" class=\"elementor-field elementor-size-sm  elementor-field-textual\" placeholder=\"Message\">\n\t\t\t\t\t\t\t\t\t\t\t<\/div>\n\t\t\t\t\t\t\t\t<div class=\"elementor-field-type-text elementor-field-group elementor-column elementor-field-group-field_a422761 elementor-col-100\">\n\t\t\t\t\t\t\t\t\t\t\t\t<label for=\"form-field-field_a422761\" class=\"elementor-field-label\">\n\t\t\t\t\t\t\t\tQuels sont vos objectifs personnels et professionnels? Comment pensez-vous que le conseil en image peut vous aider \u00e0 atteindre ces objectifs?\t\t\t\t\t\t\t<\/label>\n\t\t\t\t\t\t\t\t\t\t\t\t\t\t<input size=\"1\" type=\"text\" name=\"form_fields[field_a422761]\" id=\"form-field-field_a422761\" class=\"elementor-field elementor-size-sm  elementor-field-textual\" placeholder=\"Message\">\n\t\t\t\t\t\t\t\t\t\t\t<\/div>\n\t\t\t\t\t\t\t\t<div class=\"elementor-field-type-text elementor-field-group elementor-column elementor-field-group-field_5a43af8 elementor-col-100\">\n\t\t\t\t\t\t\t\t\t\t\t\t<label for=\"form-field-field_5a43af8\" class=\"elementor-field-label\">\n\t\t\t\t\t\t\t\tAvez-vous d\u00e9j\u00e0 eu une exp\u00e9rience avec des services de conseil en image par le pass\u00e9? Si oui, quelle a \u00e9t\u00e9 votre exp\u00e9rience et qu'aimeriez-vous voir diff\u00e9rent cette fois-ci?\t\t\t\t\t\t\t<\/label>\n\t\t\t\t\t\t\t\t\t\t\t\t\t\t<input size=\"1\" type=\"text\" name=\"form_fields[field_5a43af8]\" id=\"form-field-field_5a43af8\" class=\"elementor-field elementor-size-sm  elementor-field-textual\" placeholder=\"Message\">\n\t\t\t\t\t\t\t\t\t\t\t<\/div>\n\t\t\t\t\t\t\t\t<div class=\"elementor-field-type-text elementor-field-group elementor-column elementor-field-group-field_207049b elementor-col-100\">\n\t\t\t\t\t\t\t\t\t\t\t\t<label for=\"form-field-field_207049b\" class=\"elementor-field-label\">\n\t\t\t\t\t\t\t\tComment vous habillez-vous actuellement au travail ou lors d'\u00e9v\u00e9nements sociaux? Vous sentez-vous \u00e0 l'aise et confiant avec vos choix vestimentaires?\t\t\t\t\t\t\t<\/label>\n\t\t\t\t\t\t\t\t\t\t\t\t\t\t<input size=\"1\" type=\"text\" name=\"form_fields[field_207049b]\" id=\"form-field-field_207049b\" class=\"elementor-field elementor-size-sm  elementor-field-textual\" placeholder=\"Message\">\n\t\t\t\t\t\t\t\t\t\t\t<\/div>\n\t\t\t\t\t\t\t\t<div class=\"elementor-field-type-text elementor-field-group elementor-column elementor-field-group-field_c6d16b7 elementor-col-100\">\n\t\t\t\t\t\t\t\t\t\t\t\t<label for=\"form-field-field_c6d16b7\" class=\"elementor-field-label\">\n\t\t\t\t\t\t\t\tAvez-vous une pr\u00e9f\u00e9rence particuli\u00e8re pour un style de v\u00eatement? Si oui, pourquoi?\t\t\t\t\t\t\t<\/label>\n\t\t\t\t\t\t\t\t\t\t\t\t\t\t<input size=\"1\" type=\"text\" name=\"form_fields[field_c6d16b7]\" id=\"form-field-field_c6d16b7\" class=\"elementor-field elementor-size-sm  elementor-field-textual\" placeholder=\"Message\">\n\t\t\t\t\t\t\t\t\t\t\t<\/div>\n\t\t\t\t\t\t\t\t<div class=\"elementor-field-type-text elementor-field-group elementor-column elementor-field-group-field_b2080aa elementor-col-100\">\n\t\t\t\t\t\t\t\t\t\t\t\t<label for=\"form-field-field_b2080aa\" class=\"elementor-field-label\">\n\t\t\t\t\t\t\t\tY a-t-il un \u00e9v\u00e9nement sp\u00e9cifique ou une situation dans laquelle vous aimeriez para\u00eetre plus confiant?\t\t\t\t\t\t\t<\/label>\n\t\t\t\t\t\t\t\t\t\t\t\t\t\t<input size=\"1\" type=\"text\" name=\"form_fields[field_b2080aa]\" id=\"form-field-field_b2080aa\" class=\"elementor-field elementor-size-sm  elementor-field-textual\" placeholder=\"Message\">\n\t\t\t\t\t\t\t\t\t\t\t<\/div>\n\t\t\t\t\t\t\t\t<div class=\"elementor-field-type-text elementor-field-group elementor-column elementor-field-group-field_aff715b elementor-col-100\">\n\t\t\t\t\t\t\t\t\t\t\t\t<label for=\"form-field-field_aff715b\" class=\"elementor-field-label\">\n\t\t\t\t\t\t\t\tComment avez-vous d\u00e9couvert mon service de conseil en image et qu'est-ce qui vous a attir\u00e9 dans mon offre?\t\t\t\t\t\t\t<\/label>\n\t\t\t\t\t\t\t\t\t\t\t\t\t\t<input size=\"1\" type=\"text\" name=\"form_fields[field_aff715b]\" id=\"form-field-field_aff715b\" class=\"elementor-field elementor-size-sm  elementor-field-textual\" placeholder=\"Message\">\n\t\t\t\t\t\t\t\t\t\t\t<\/div>\n\t\t\t\t\t\t\t\t<div class=\"elementor-field-type-select elementor-field-group elementor-column elementor-field-group-field_59e0148 elementor-col-100\">\n\t\t\t\t\t\t\t\t\t\t\t\t<label for=\"form-field-field_59e0148\" class=\"elementor-field-label\">\n\t\t\t\t\t\t\t\tQuel service sp\u00e9cifique vous int\u00e9resse? (Choisissez une option)\t\t\t\t\t\t\t<\/label>\n\t\t\t\t\t\t\t\t<div class=\"elementor-field elementor-select-wrapper remove-before\">\n\t\t\t<div class=\"select-caret-down-wrapper\">\n\t\t\t\t<svg aria-hidden=\"true\" class=\"e-font-icon-svg e-eicon-caret-down\" viewbox=\"0 0 571.4 571.4\" xmlns=\"http:\/\/www.w3.org\/2000\/svg\"><path d=\"M571 393Q571 407 561 418L311 668Q300 679 286 679T261 668L11 418Q0 407 0 393T11 368 36 357H536Q550 357 561 368T571 393Z\"><\/path><\/svg>\t\t\t<\/div>\n\t\t\t<select name=\"form_fields[field_59e0148]\" id=\"form-field-field_59e0148\" class=\"elementor-field-textual elementor-size-sm\">\n\t\t\t\t\t\t\t\t\t<option value=\"Selecionar Servi\u00e7o\">Choisissez une service<\/option>\n\t\t\t\t\t\t\t\t\t<option value=\"Consultoria de Imagem para Executivos de Startup\/Empreendedores\">Conseil en Image pour Ex\u00e9cutifs de Start-Up\/Entrepreneurs<\/option>\n\t\t\t\t\t\t\t\t\t<option value=\"Consultoria de Imagem para Expatriados\">Conseil en Image pour Expatri\u00e9s<\/option>\n\t\t\t\t\t\t\t\t\t<option value=\"Consultoria de Imagem para Executivos de Empresas\">Conseil en Image pour Ex\u00e9cutifs d\u2019entreprises<\/option>\n\t\t\t\t\t\t\t\t\t<option value=\"Consultoria de Imagem para Transi\u00e7\u00e3o de Carreira\">Conseil en Image pour la Transition de Carri\u00e8re<\/option>\n\t\t\t\t\t\t\t\t\t<option value=\"Avalia\u00e7\u00e3o de Presen\u00e7a Online\">\u00c9valuation de la Pr\u00e9sence en Ligne<\/option>\n\t\t\t\t\t\t\t\t\t<option value=\"Consultoria de Imagem Expressa\">Conseil Express en Image<\/option>\n\t\t\t\t\t\t\t\t\t<option value=\"Consultoria de Rosto Valorizado\">Conseil en Visage Valoris\u00e9<\/option>\n\t\t\t\t\t\t\t\t\t<option value=\"Consultoria de Corpo em Harmonia\">Conseil en Harmonie Corporelle<\/option>\n\t\t\t\t\t\t\t\t\t<option value=\"Consultoria de Estilo Parisiense\">Conseil en Style Parisien<\/option>\n\t\t\t\t\t\t\t<\/select>\n\t\t<\/div>\n\t\t\t\t\t\t<\/div>\n\t\t\t\t\t\t\t\t<div class=\"elementor-field-type-text elementor-field-group elementor-column elementor-field-group-field_6967fb3 elementor-col-100\">\n\t\t\t\t\t\t\t\t\t\t\t\t<label for=\"form-field-field_6967fb3\" class=\"elementor-field-label\">\n\t\t\t\t\t\t\t\tY a-t-il d'autres informations que vous souhaiteriez partager avec nous avant la consultation gratuite?\t\t\t\t\t\t\t<\/label>\n\t\t\t\t\t\t\t\t\t\t\t\t\t\t<input size=\"1\" type=\"text\" name=\"form_fields[field_6967fb3]\" id=\"form-field-field_6967fb3\" class=\"elementor-field elementor-size-sm  elementor-field-textual\" placeholder=\"Message\">\n\t\t\t\t\t\t\t\t\t\t\t<\/div>\n\t\t\t\t\t\t\t\t<div class=\"elementor-field-group elementor-column elementor-field-type-submit elementor-col-100 e-form__buttons\">\n\t\t\t\t\t<button class=\"elementor-button elementor-size-sm\" type=\"submit\">\n\t\t\t\t\t\t<span class=\"elementor-button-content-wrapper\">\n\t\t\t\t\t\t\t\t\t\t\t\t\t\t\t\t\t\t\t\t\t\t<span class=\"elementor-button-text\">Envoyez<\/span>\n\t\t\t\t\t\t\t\t\t\t\t\t\t<\/span>\n\t\t\t\t\t<\/button>\n\t\t\t\t<\/div>\n\t\t\t<\/div>\n\t\t<input type=\"hidden\" name=\"trp-form-language\" value=\"fr\"\/><\/form>\n\t\t\t\t\t\t<\/div>\n\t\t\t\t\t<\/div>\n\t\t\t\t<\/div>\n\t\t\t\t<\/div>","protected":false},"excerpt":{"rendered":"<p>Calendrier de consultation gratuit<\/p>","protected":false},"author":9,"featured_media":0,"parent":0,"menu_order":0,"comment_status":"closed","ping_status":"closed","template":"","meta":{"footnotes":""},"class_list":["post-5816","page","type-page","status-publish","hentry"],"yoast_head":"<!-- This site is optimized with the Yoast SEO plugin v26.6 - https:\/\/yoast.com\/wordpress\/plugins\/seo\/ -->\n<title>Agendamento Consultoria Gratuita - Relooking Imagem<\/title>\n<meta name=\"robots\" content=\"index, follow, max-snippet:-1, max-image-preview:large, max-video-preview:-1\" \/>\n<link rel=\"canonical\" href=\"https:\/\/www.relookingimagem.com.br\/fr\/agendamento-consultoria-gratuita\/\" \/>\n<meta property=\"og:locale\" content=\"fr_FR\" \/>\n<meta property=\"og:type\" content=\"article\" \/>\n<meta property=\"og:title\" content=\"Agendamento Consultoria Gratuita - Relooking Imagem\" \/>\n<meta property=\"og:description\" content=\"Agendamento de Consulta Gratuita\" \/>\n<meta property=\"og:url\" content=\"https:\/\/www.relookingimagem.com.br\/fr\/agendamento-consultoria-gratuita\/\" \/>\n<meta property=\"og:site_name\" content=\"Relooking Imagem\" \/>\n<meta property=\"article:modified_time\" content=\"2024-10-15T23:47:21+00:00\" \/>\n<meta name=\"twitter:card\" content=\"summary_large_image\" \/>\n<meta name=\"twitter:label1\" content=\"Dur\u00e9e de lecture estim\u00e9e\" \/>\n\t<meta name=\"twitter:data1\" content=\"2 minutes\" \/>\n<script type=\"application\/ld+json\" class=\"yoast-schema-graph\">{\"@context\":\"https:\/\/schema.org\",\"@graph\":[{\"@type\":\"WebPage\",\"@id\":\"https:\/\/www.relookingimagem.com.br\/agendamento-consultoria-gratuita\/\",\"url\":\"https:\/\/www.relookingimagem.com.br\/agendamento-consultoria-gratuita\/\",\"name\":\"Agendamento Consultoria Gratuita - Relooking Imagem\",\"isPartOf\":{\"@id\":\"https:\/\/www.relookingimagem.com.br\/#website\"},\"datePublished\":\"2024-10-02T00:17:08+00:00\",\"dateModified\":\"2024-10-15T23:47:21+00:00\",\"breadcrumb\":{\"@id\":\"https:\/\/www.relookingimagem.com.br\/agendamento-consultoria-gratuita\/#breadcrumb\"},\"inLanguage\":\"fr-FR\",\"potentialAction\":[{\"@type\":\"ReadAction\",\"target\":[\"https:\/\/www.relookingimagem.com.br\/agendamento-consultoria-gratuita\/\"]}]},{\"@type\":\"BreadcrumbList\",\"@id\":\"https:\/\/www.relookingimagem.com.br\/agendamento-consultoria-gratuita\/#breadcrumb\",\"itemListElement\":[{\"@type\":\"ListItem\",\"position\":1,\"name\":\"Home\",\"item\":\"https:\/\/www.relookingimagem.com.br\/\"},{\"@type\":\"ListItem\",\"position\":2,\"name\":\"Agendamento Consultoria Gratuita\"}]},{\"@type\":\"WebSite\",\"@id\":\"https:\/\/www.relookingimagem.com.br\/#website\",\"url\":\"https:\/\/www.relookingimagem.com.br\/\",\"name\":\"Relooking Imagem\",\"description\":\"Consultoria de Imagem e Estilo\",\"publisher\":{\"@id\":\"https:\/\/www.relookingimagem.com.br\/#organization\"},\"potentialAction\":[{\"@type\":\"SearchAction\",\"target\":{\"@type\":\"EntryPoint\",\"urlTemplate\":\"https:\/\/www.relookingimagem.com.br\/?s={search_term_string}\"},\"query-input\":{\"@type\":\"PropertyValueSpecification\",\"valueRequired\":true,\"valueName\":\"search_term_string\"}}],\"inLanguage\":\"fr-FR\"},{\"@type\":\"Organization\",\"@id\":\"https:\/\/www.relookingimagem.com.br\/#organization\",\"name\":\"Relooking Imagem\",\"url\":\"https:\/\/www.relookingimagem.com.br\/\",\"logo\":{\"@type\":\"ImageObject\",\"inLanguage\":\"fr-FR\",\"@id\":\"https:\/\/www.relookingimagem.com.br\/#\/schema\/logo\/image\/\",\"url\":\"https:\/\/www.relookingimagem.com.br\/wp-content\/uploads\/2023\/03\/relookingimage-consultoria-imagem-pessoa.png\",\"contentUrl\":\"https:\/\/www.relookingimagem.com.br\/wp-content\/uploads\/2023\/03\/relookingimage-consultoria-imagem-pessoa.png\",\"width\":414,\"height\":180,\"caption\":\"Relooking Imagem\"},\"image\":{\"@id\":\"https:\/\/www.relookingimagem.com.br\/#\/schema\/logo\/image\/\"}}]}<\/script>\n<!-- \/ Yoast SEO plugin. -->","yoast_head_json":{"title":"Agendamento Consultoria Gratuita - Relooking Imagem","robots":{"index":"index","follow":"follow","max-snippet":"max-snippet:-1","max-image-preview":"max-image-preview:large","max-video-preview":"max-video-preview:-1"},"canonical":"https:\/\/www.relookingimagem.com.br\/fr\/agendamento-consultoria-gratuita\/","og_locale":"fr_FR","og_type":"article","og_title":"Agendamento Consultoria Gratuita - Relooking Imagem","og_description":"Agendamento de Consulta Gratuita","og_url":"https:\/\/www.relookingimagem.com.br\/fr\/agendamento-consultoria-gratuita\/","og_site_name":"Relooking Imagem","article_modified_time":"2024-10-15T23:47:21+00:00","twitter_card":"summary_large_image","twitter_misc":{"Dur\u00e9e de lecture estim\u00e9e":"2 minutes"},"schema":{"@context":"https:\/\/schema.org","@graph":[{"@type":"WebPage","@id":"https:\/\/www.relookingimagem.com.br\/agendamento-consultoria-gratuita\/","url":"https:\/\/www.relookingimagem.com.br\/agendamento-consultoria-gratuita\/","name":"Agendamento Consultoria Gratuita - Relooking Imagem","isPartOf":{"@id":"https:\/\/www.relookingimagem.com.br\/#website"},"datePublished":"2024-10-02T00:17:08+00:00","dateModified":"2024-10-15T23:47:21+00:00","breadcrumb":{"@id":"https:\/\/www.relookingimagem.com.br\/agendamento-consultoria-gratuita\/#breadcrumb"},"inLanguage":"fr-FR","potentialAction":[{"@type":"ReadAction","target":["https:\/\/www.relookingimagem.com.br\/agendamento-consultoria-gratuita\/"]}]},{"@type":"BreadcrumbList","@id":"https:\/\/www.relookingimagem.com.br\/agendamento-consultoria-gratuita\/#breadcrumb","itemListElement":[{"@type":"ListItem","position":1,"name":"Home","item":"https:\/\/www.relookingimagem.com.br\/"},{"@type":"ListItem","position":2,"name":"Agendamento Consultoria Gratuita"}]},{"@type":"WebSite","@id":"https:\/\/www.relookingimagem.com.br\/#website","url":"https:\/\/www.relookingimagem.com.br\/","name":"Relooking Imagem","description":"Consultoria de Imagem e Estilo","publisher":{"@id":"https:\/\/www.relookingimagem.com.br\/#organization"},"potentialAction":[{"@type":"SearchAction","target":{"@type":"EntryPoint","urlTemplate":"https:\/\/www.relookingimagem.com.br\/?s={search_term_string}"},"query-input":{"@type":"PropertyValueSpecification","valueRequired":true,"valueName":"search_term_string"}}],"inLanguage":"fr-FR"},{"@type":"Organization","@id":"https:\/\/www.relookingimagem.com.br\/#organization","name":"Relooking Imagem","url":"https:\/\/www.relookingimagem.com.br\/","logo":{"@type":"ImageObject","inLanguage":"fr-FR","@id":"https:\/\/www.relookingimagem.com.br\/#\/schema\/logo\/image\/","url":"https:\/\/www.relookingimagem.com.br\/wp-content\/uploads\/2023\/03\/relookingimage-consultoria-imagem-pessoa.png","contentUrl":"https:\/\/www.relookingimagem.com.br\/wp-content\/uploads\/2023\/03\/relookingimage-consultoria-imagem-pessoa.png","width":414,"height":180,"caption":"Relooking Imagem"},"image":{"@id":"https:\/\/www.relookingimagem.com.br\/#\/schema\/logo\/image\/"}}]}},"_links":{"self":[{"href":"https:\/\/www.relookingimagem.com.br\/fr\/wp-json\/wp\/v2\/pages\/5816","targetHints":{"allow":["GET"]}}],"collection":[{"href":"https:\/\/www.relookingimagem.com.br\/fr\/wp-json\/wp\/v2\/pages"}],"about":[{"href":"https:\/\/www.relookingimagem.com.br\/fr\/wp-json\/wp\/v2\/types\/page"}],"author":[{"embeddable":true,"href":"https:\/\/www.relookingimagem.com.br\/fr\/wp-json\/wp\/v2\/users\/9"}],"replies":[{"embeddable":true,"href":"https:\/\/www.relookingimagem.com.br\/fr\/wp-json\/wp\/v2\/comments?post=5816"}],"version-history":[{"count":0,"href":"https:\/\/www.relookingimagem.com.br\/fr\/wp-json\/wp\/v2\/pages\/5816\/revisions"}],"wp:attachment":[{"href":"https:\/\/www.relookingimagem.com.br\/fr\/wp-json\/wp\/v2\/media?parent=5816"}],"curies":[{"name":"wp","href":"https:\/\/api.w.org\/{rel}","templated":true}]}}