{"id":4855,"date":"2024-09-03T20:36:33","date_gmt":"2024-09-03T23:36:33","guid":{"rendered":"https:\/\/www.relookingimagem.com.br\/?page_id=4855"},"modified":"2024-09-03T20:40:34","modified_gmt":"2024-09-03T23:40:34","slug":"politica-de-reembolso-2","status":"publish","type":"page","link":"https:\/\/www.relookingimagem.com.br\/fr\/politica-de-reembolso-2\/","title":{"rendered":"Politique de Remboursement"},"content":{"rendered":"<div data-elementor-type=\"wp-page\" data-elementor-id=\"4855\" class=\"elementor elementor-4855\" data-elementor-post-type=\"page\">\n\t\t\t\t<div class=\"elementor-element elementor-element-385a4b1 e-flex e-con-boxed e-con e-parent\" data-id=\"385a4b1\" data-element_type=\"container\" data-e-type=\"container\">\n\t\t\t\t\t<div class=\"e-con-inner\">\n\t\t\t\t<div class=\"elementor-element elementor-element-325cdc1 elementor-widget elementor-widget-heading\" data-id=\"325cdc1\" data-element_type=\"widget\" data-e-type=\"widget\" data-widget_type=\"heading.default\">\n\t\t\t\t\t<h2 class=\"elementor-heading-title elementor-size-default\">Politique de Remboursement<\/h2>\t\t\t\t<\/div>\n\t\t\t\t<div class=\"elementor-element elementor-element-57333b3 elementor-widget__width-initial elementor-widget elementor-widget-text-editor\" data-id=\"57333b3\" data-element_type=\"widget\" data-e-type=\"widget\" data-widget_type=\"text-editor.default\">\n\t\t\t\t\t\t\t\t\t<p>Como solicitar um reembolso por arrependimento:<\/p><p>Caso voc\u00ea n\u00e3o esteja satisfeito com o conte\u00fado do curso oferecido ou tenha se arrependido da compra, voc\u00ea poder\u00e1 solicitar a devolu\u00e7\u00e3o em at\u00e9 7 dias contados da data da compra.<\/p><p>Envie um e-mail para <a href=\"mailto:denise@relookingimagem.com.br\">denise@relookingimagem.com.br<\/a>, informando seu nome completo e n\u00famero do pedido. Voc\u00ea receber\u00e1 o reembolso de acordo com o prazo do banco emissor do seu cart\u00e3o, o que pode ser de at\u00e9 2 faturas.<\/p><p>O valor ser\u00e1 reembolsado utilizando o mesmo m\u00e9todo de pagamento que voc\u00ea selecionou ao comprar na nossa loja virtual. N\u00e3o haver\u00e1 custo adicional para voc\u00ea receber o reembolso.<\/p><p>Exce\u00e7\u00e3o para os vale-presentes e consultorias que n\u00e3o s\u00e3o pass\u00edveis de reembolso.<\/p><p>Entre em contato:<\/p><p>Caso voc\u00ea tenha qualquer d\u00favida sobre a pol\u00edtica de reembolso, por favor, entre em contato pelo e-mail <a href=\"mailto:denise@relookingimagem.com.br\">denise@relookingimagem.com.br<\/a>.<\/p>\t\t\t\t\t\t\t\t<\/div>\n\t\t\t\t\t<\/div>\n\t\t\t\t<\/div>\n\t\t\t\t<\/div>","protected":false},"excerpt":{"rendered":"<p>Pol\u00edtica de Reembolso Como solicitar um reembolso por arrependimento: Caso voc\u00ea n\u00e3o esteja satisfeito com o conte\u00fado do curso oferecido ou tenha se arrependido da compra, voc\u00ea poder\u00e1 solicitar a devolu\u00e7\u00e3o em at\u00e9 7 dias contados da data da compra. Envie um e-mail para denise@relookingimagem.com.br, informando seu nome completo e n\u00famero do pedido. Voc\u00ea receber\u00e1 [&hellip;]<\/p>","protected":false},"author":9,"featured_media":0,"parent":0,"menu_order":0,"comment_status":"closed","ping_status":"closed","template":"","meta":{"footnotes":""},"class_list":["post-4855","page","type-page","status-publish","hentry"],"yoast_head":"<!-- This site is optimized with the Yoast SEO plugin v26.6 - https:\/\/yoast.com\/wordpress\/plugins\/seo\/ -->\n<title>Pol\u00edtica de Reembolso - Relooking Imagem<\/title>\n<meta name=\"robots\" content=\"index, follow, max-snippet:-1, max-image-preview:large, max-video-preview:-1\" \/>\n<link rel=\"canonical\" href=\"https:\/\/www.relookingimagem.com.br\/fr\/politica-de-reembolso-2\/\" \/>\n<meta property=\"og:locale\" content=\"fr_FR\" \/>\n<meta property=\"og:type\" content=\"article\" \/>\n<meta property=\"og:title\" content=\"Pol\u00edtica de Reembolso - Relooking Imagem\" \/>\n<meta property=\"og:description\" content=\"Pol\u00edtica de Reembolso Como solicitar um reembolso por arrependimento: Caso voc\u00ea n\u00e3o esteja satisfeito com o conte\u00fado do curso oferecido ou tenha se arrependido da compra, voc\u00ea poder\u00e1 solicitar a devolu\u00e7\u00e3o em at\u00e9 7 dias contados da data da compra. Envie um e-mail para denise@relookingimagem.com.br, informando seu nome completo e n\u00famero do pedido. Voc\u00ea receber\u00e1 [&hellip;]\" \/>\n<meta property=\"og:url\" content=\"https:\/\/www.relookingimagem.com.br\/fr\/politica-de-reembolso-2\/\" \/>\n<meta property=\"og:site_name\" content=\"Relooking Imagem\" \/>\n<meta property=\"article:modified_time\" content=\"2024-09-03T23:40:34+00:00\" \/>\n<meta name=\"twitter:card\" content=\"summary_large_image\" \/>\n<meta name=\"twitter:label1\" content=\"Dur\u00e9e de lecture estim\u00e9e\" \/>\n\t<meta name=\"twitter:data1\" content=\"1 minute\" \/>\n<script type=\"application\/ld+json\" class=\"yoast-schema-graph\">{\"@context\":\"https:\/\/schema.org\",\"@graph\":[{\"@type\":\"WebPage\",\"@id\":\"https:\/\/www.relookingimagem.com.br\/politica-de-reembolso-2\/\",\"url\":\"https:\/\/www.relookingimagem.com.br\/politica-de-reembolso-2\/\",\"name\":\"Pol\u00edtica de Reembolso - Relooking Imagem\",\"isPartOf\":{\"@id\":\"https:\/\/www.relookingimagem.com.br\/#website\"},\"datePublished\":\"2024-09-03T23:36:33+00:00\",\"dateModified\":\"2024-09-03T23:40:34+00:00\",\"breadcrumb\":{\"@id\":\"https:\/\/www.relookingimagem.com.br\/politica-de-reembolso-2\/#breadcrumb\"},\"inLanguage\":\"fr-FR\",\"potentialAction\":[{\"@type\":\"ReadAction\",\"target\":[\"https:\/\/www.relookingimagem.com.br\/politica-de-reembolso-2\/\"]}]},{\"@type\":\"BreadcrumbList\",\"@id\":\"https:\/\/www.relookingimagem.com.br\/politica-de-reembolso-2\/#breadcrumb\",\"itemListElement\":[{\"@type\":\"ListItem\",\"position\":1,\"name\":\"Home\",\"item\":\"https:\/\/www.relookingimagem.com.br\/\"},{\"@type\":\"ListItem\",\"position\":2,\"name\":\"Pol\u00edtica de Reembolso\"}]},{\"@type\":\"WebSite\",\"@id\":\"https:\/\/www.relookingimagem.com.br\/#website\",\"url\":\"https:\/\/www.relookingimagem.com.br\/\",\"name\":\"Relooking Imagem\",\"description\":\"Consultoria de Imagem e Estilo\",\"publisher\":{\"@id\":\"https:\/\/www.relookingimagem.com.br\/#organization\"},\"potentialAction\":[{\"@type\":\"SearchAction\",\"target\":{\"@type\":\"EntryPoint\",\"urlTemplate\":\"https:\/\/www.relookingimagem.com.br\/?s={search_term_string}\"},\"query-input\":{\"@type\":\"PropertyValueSpecification\",\"valueRequired\":true,\"valueName\":\"search_term_string\"}}],\"inLanguage\":\"fr-FR\"},{\"@type\":\"Organization\",\"@id\":\"https:\/\/www.relookingimagem.com.br\/#organization\",\"name\":\"Relooking Imagem\",\"url\":\"https:\/\/www.relookingimagem.com.br\/\",\"logo\":{\"@type\":\"ImageObject\",\"inLanguage\":\"fr-FR\",\"@id\":\"https:\/\/www.relookingimagem.com.br\/#\/schema\/logo\/image\/\",\"url\":\"https:\/\/www.relookingimagem.com.br\/wp-content\/uploads\/2023\/03\/relookingimage-consultoria-imagem-pessoa.png\",\"contentUrl\":\"https:\/\/www.relookingimagem.com.br\/wp-content\/uploads\/2023\/03\/relookingimage-consultoria-imagem-pessoa.png\",\"width\":414,\"height\":180,\"caption\":\"Relooking Imagem\"},\"image\":{\"@id\":\"https:\/\/www.relookingimagem.com.br\/#\/schema\/logo\/image\/\"}}]}<\/script>\n<!-- \/ Yoast SEO plugin. -->","yoast_head_json":{"title":"Pol\u00edtica de Reembolso - Relooking Imagem","robots":{"index":"index","follow":"follow","max-snippet":"max-snippet:-1","max-image-preview":"max-image-preview:large","max-video-preview":"max-video-preview:-1"},"canonical":"https:\/\/www.relookingimagem.com.br\/fr\/politica-de-reembolso-2\/","og_locale":"fr_FR","og_type":"article","og_title":"Pol\u00edtica de Reembolso - Relooking Imagem","og_description":"Pol\u00edtica de Reembolso Como solicitar um reembolso por arrependimento: Caso voc\u00ea n\u00e3o esteja satisfeito com o conte\u00fado do curso oferecido ou tenha se arrependido da compra, voc\u00ea poder\u00e1 solicitar a devolu\u00e7\u00e3o em at\u00e9 7 dias contados da data da compra. Envie um e-mail para denise@relookingimagem.com.br, informando seu nome completo e n\u00famero do pedido. Voc\u00ea receber\u00e1 [&hellip;]","og_url":"https:\/\/www.relookingimagem.com.br\/fr\/politica-de-reembolso-2\/","og_site_name":"Relooking Imagem","article_modified_time":"2024-09-03T23:40:34+00:00","twitter_card":"summary_large_image","twitter_misc":{"Dur\u00e9e de lecture estim\u00e9e":"1 minute"},"schema":{"@context":"https:\/\/schema.org","@graph":[{"@type":"WebPage","@id":"https:\/\/www.relookingimagem.com.br\/politica-de-reembolso-2\/","url":"https:\/\/www.relookingimagem.com.br\/politica-de-reembolso-2\/","name":"Pol\u00edtica de Reembolso - Relooking Imagem","isPartOf":{"@id":"https:\/\/www.relookingimagem.com.br\/#website"},"datePublished":"2024-09-03T23:36:33+00:00","dateModified":"2024-09-03T23:40:34+00:00","breadcrumb":{"@id":"https:\/\/www.relookingimagem.com.br\/politica-de-reembolso-2\/#breadcrumb"},"inLanguage":"fr-FR","potentialAction":[{"@type":"ReadAction","target":["https:\/\/www.relookingimagem.com.br\/politica-de-reembolso-2\/"]}]},{"@type":"BreadcrumbList","@id":"https:\/\/www.relookingimagem.com.br\/politica-de-reembolso-2\/#breadcrumb","itemListElement":[{"@type":"ListItem","position":1,"name":"Home","item":"https:\/\/www.relookingimagem.com.br\/"},{"@type":"ListItem","position":2,"name":"Pol\u00edtica de Reembolso"}]},{"@type":"WebSite","@id":"https:\/\/www.relookingimagem.com.br\/#website","url":"https:\/\/www.relookingimagem.com.br\/","name":"Relooking Imagem","description":"Consultoria de Imagem e Estilo","publisher":{"@id":"https:\/\/www.relookingimagem.com.br\/#organization"},"potentialAction":[{"@type":"SearchAction","target":{"@type":"EntryPoint","urlTemplate":"https:\/\/www.relookingimagem.com.br\/?s={search_term_string}"},"query-input":{"@type":"PropertyValueSpecification","valueRequired":true,"valueName":"search_term_string"}}],"inLanguage":"fr-FR"},{"@type":"Organization","@id":"https:\/\/www.relookingimagem.com.br\/#organization","name":"Relooking Imagem","url":"https:\/\/www.relookingimagem.com.br\/","logo":{"@type":"ImageObject","inLanguage":"fr-FR","@id":"https:\/\/www.relookingimagem.com.br\/#\/schema\/logo\/image\/","url":"https:\/\/www.relookingimagem.com.br\/wp-content\/uploads\/2023\/03\/relookingimage-consultoria-imagem-pessoa.png","contentUrl":"https:\/\/www.relookingimagem.com.br\/wp-content\/uploads\/2023\/03\/relookingimage-consultoria-imagem-pessoa.png","width":414,"height":180,"caption":"Relooking Imagem"},"image":{"@id":"https:\/\/www.relookingimagem.com.br\/#\/schema\/logo\/image\/"}}]}},"_links":{"self":[{"href":"https:\/\/www.relookingimagem.com.br\/fr\/wp-json\/wp\/v2\/pages\/4855","targetHints":{"allow":["GET"]}}],"collection":[{"href":"https:\/\/www.relookingimagem.com.br\/fr\/wp-json\/wp\/v2\/pages"}],"about":[{"href":"https:\/\/www.relookingimagem.com.br\/fr\/wp-json\/wp\/v2\/types\/page"}],"author":[{"embeddable":true,"href":"https:\/\/www.relookingimagem.com.br\/fr\/wp-json\/wp\/v2\/users\/9"}],"replies":[{"embeddable":true,"href":"https:\/\/www.relookingimagem.com.br\/fr\/wp-json\/wp\/v2\/comments?post=4855"}],"version-history":[{"count":0,"href":"https:\/\/www.relookingimagem.com.br\/fr\/wp-json\/wp\/v2\/pages\/4855\/revisions"}],"wp:attachment":[{"href":"https:\/\/www.relookingimagem.com.br\/fr\/wp-json\/wp\/v2\/media?parent=4855"}],"curies":[{"name":"wp","href":"https:\/\/api.w.org\/{rel}","templated":true}]}}