{"id":4846,"date":"2024-09-03T20:28:52","date_gmt":"2024-09-03T23:28:52","guid":{"rendered":"https:\/\/www.relookingimagem.com.br\/?page_id=4846"},"modified":"2025-02-21T03:31:05","modified_gmt":"2025-02-21T06:31:05","slug":"termos-de-uso-2","status":"publish","type":"page","link":"https:\/\/www.relookingimagem.com.br\/fr\/termos-de-uso-2\/","title":{"rendered":"Termes d'Utilisation"},"content":{"rendered":"<div data-elementor-type=\"wp-page\" data-elementor-id=\"4846\" class=\"elementor elementor-4846\" data-elementor-post-type=\"page\">\n\t\t\t\t<div class=\"elementor-element elementor-element-3e40760 e-flex e-con-boxed e-con e-parent\" data-id=\"3e40760\" data-element_type=\"container\" data-e-type=\"container\">\n\t\t\t\t\t<div class=\"e-con-inner\">\n\t\t\t\t<div class=\"elementor-element elementor-element-6d4ce17 elementor-widget elementor-widget-heading\" data-id=\"6d4ce17\" data-element_type=\"widget\" data-e-type=\"widget\" data-widget_type=\"heading.default\">\n\t\t\t\t\t<h2 class=\"elementor-heading-title elementor-size-default\">Termes d'Utilisation<\/h2>\t\t\t\t<\/div>\n\t\t\t\t<div class=\"elementor-element elementor-element-8f88d2b elementor-widget__width-initial elementor-widget elementor-widget-text-editor\" data-id=\"8f88d2b\" data-element_type=\"widget\" data-e-type=\"widget\" data-widget_type=\"text-editor.default\">\n\t\t\t\t\t\t\t\t\t<p>Esta pol\u00edtica de Termos de Uso \u00e9 v\u00e1lida a partir de Feb 2023.<\/p>\n<p>TERMOS DE USO \u2014 Relooking Imagem<\/p>\n<p>Relooking Imagem, pessoa jur\u00eddica de direito privado descreve, atrav\u00e9s deste documento, as regras de uso do site <a href=\"https:\/\/www.relookingimagem.com.br\/fr\/\">https:\/\/www.relookingimagem.com.br<\/a> e qualquer outro site, loja ou aplicativo operado pelo propriet\u00e1rio.<\/p>\n<p>Ao navegar neste website, consideramos que voc\u00ea est\u00e1 de acordo com os Termos de Uso abaixo.<\/p>\n<p>Caso voc\u00ea n\u00e3o esteja de acordo com as condi\u00e7\u00f5es deste contrato, pedimos que n\u00e3o fa\u00e7a mais uso deste website, muito menos cadastre-se ou envie os seus dados pessoais.<\/p>\n<p>Se modificarmos nossos Termos de Uso, publicaremos o novo texto neste website, com a data de revis\u00e3o atualizada. Podemos alterar este documento a qualquer momento. Caso haja altera\u00e7\u00e3o significativa nos termos deste contrato, podemos inform\u00e1-lo por meio das informa\u00e7\u00f5es de contato que tivermos em nosso banco de dados ou por meio de notifica\u00e7\u00f5es.<\/p>\n<p>A utiliza\u00e7\u00e3o deste website ap\u00f3s as altera\u00e7\u00f5es significa que voc\u00ea aceitou os Termos de Uso revisados. Caso, ap\u00f3s a leitura da vers\u00e3o revisada, voc\u00ea n\u00e3o esteja de acordo com seus termos, favor encerrar o seu acesso.&nbsp;<\/p>\n<p>Se\u00e7\u00e3o 1 \u2013 Usu\u00e1rio<\/p>\n<p>A utiliza\u00e7\u00e3o deste website atribui de forma autom\u00e1tica a condi\u00e7\u00e3o de Usu\u00e1rio e implica a plena aceita\u00e7\u00e3o de todas as diretrizes e condi\u00e7\u00f5es inclu\u00eddas nestes Termos.<\/p>\n<p>Se\u00e7\u00e3o 2 \u2013 Ades\u00e3o em conjunto com a Pol\u00edtica de Privacidade<\/p>\n<p>A utiliza\u00e7\u00e3o deste website acarreta a ades\u00e3o aos presentes Termos de Uso e a vers\u00e3o mais atualizada da Pol\u00edtica de Privacidade de Relooking Imagem.<\/p>\n<p>Se\u00e7\u00e3o 3 \u2013 Condi\u00e7\u00f5es de acesso<\/p>\n<p>Em geral, o acesso ao website da Relooking Imagem possui car\u00e1ter gratuito e n\u00e3o exige pr\u00e9via inscri\u00e7\u00e3o ou registro.Contudo, para usufruir de algumas funcionalidades, o usu\u00e1rio poder\u00e1 precisar efetuar um cadastro, criando uma conta de usu\u00e1rio com login e senha pr\u00f3prios para acesso.\u00c9 de total responsabilidade do usu\u00e1rio fornecer apenas informa\u00e7\u00f5es corretas, aut\u00eanticas, v\u00e1lidas, completas e atualizadas, bem como n\u00e3o divulgar o seu login e senha para terceiros.Partes deste website oferecem ao usu\u00e1rio a op\u00e7\u00e3o de publicar coment\u00e1rios em determinadas \u00e1reas. Relooking Imagem n\u00e3o consente com a publica\u00e7\u00e3o de conte\u00fados que tenham natureza discriminat\u00f3ria, ofensiva ou il\u00edcita, ou ainda infrinjam direitos de autor ou quaisquer outros direitos de terceiros.A publica\u00e7\u00e3o de quaisquer conte\u00fados pelo usu\u00e1rio deste website, incluindo mensagens e coment\u00e1rios, implica em licen\u00e7a n\u00e3o-exclusiva, irrevog\u00e1vel e irretrat\u00e1vel, para sua utiliza\u00e7\u00e3o, reprodu\u00e7\u00e3o e publica\u00e7\u00e3o pela Relooking Imagem no seu website, plataformas e aplica\u00e7\u00f5es de internet, ou ainda em outras plataformas, sem qualquer restri\u00e7\u00e3o ou limita\u00e7\u00e3o. Artigo Patrocinado Encontre algo para todos em nossa cole\u00e7\u00e3o de meias coloridas, brilhantes e elegantes. Compre individualmente ou em pacotes para adicionar cor ao seu sock gaveta! Os atores t\u00eam falas s\u00f3lidas e a performance \u00e9 natural e suave.<\/p>\n<p>Se\u00e7\u00e3o 4 \u2013 Cookies<\/p>\n<p>Informa\u00e7\u00f5es sobre o seu uso neste website podem ser coletadas a partir de cookies. Cookies s\u00e3o informa\u00e7\u00f5es armazenadas diretamente no computador que voc\u00ea est\u00e1 utilizando. Os cookies permitem a coleta de informa\u00e7\u00f5es tais como o tipo de navegador, o tempo despendido no website, as p\u00e1ginas visitadas, as prefer\u00eancias de idioma, e outros dados de tr\u00e1fego an\u00f4nimos. N\u00f3s e nossos prestadores de servi\u00e7os utilizamos informa\u00e7\u00f5es para prote\u00e7\u00e3o de seguran\u00e7a, para facilitar a navega\u00e7\u00e3o, exibir informa\u00e7\u00f5es de modo mais eficiente, e personalizar sua experi\u00eancia ao utilizar este website, assim como para rastreamento online. Tamb\u00e9m coletamos informa\u00e7\u00f5es estat\u00edsticas sobre o uso do website para aprimoramento cont\u00ednuo do nosso design e funcionalidade, para entender como o website \u00e9 utilizado e para auxili\u00e1-lo a solucionar quest\u00f5es relevantes.Caso n\u00e3o deseje que suas informa\u00e7\u00f5es sejam coletadas por meio de cookies, h\u00e1 um procedimento simples na maior parte dos navegadores que permite que os cookies sejam automaticamente rejeitados, ou oferece a op\u00e7\u00e3o de aceitar ou rejeitar a transfer\u00eancia de um cookie (ou cookies) espec\u00edfico(s) de um site determinado para o seu computador. Entretanto, isso pode gerar inconvenientes no uso do website.As defini\u00e7\u00f5es que escolher podem afetar a sua experi\u00eancia de navega\u00e7\u00e3o e o funcionamento que exige a utiliza\u00e7\u00e3o de cookies. Neste sentido, rejeitamos qualquer responsabilidade pelas consequ\u00eancias resultantes do funcionamento limitado deste website provocado pela desativa\u00e7\u00e3o de cookies no seu dispositivo (incapacidade de definir ou ler um cookie).<\/p>\n<p>Se\u00e7\u00e3o 5 \u2013 Propriedade Intelectual<\/p>\n<p>Todos os elementos de Relooking Imagem s\u00e3o de propriedade intelectual da mesma ou de seus licenciados. Estes Termos ou a utiliza\u00e7\u00e3o do website n\u00e3o concede a voc\u00ea qualquer licen\u00e7a ou direito de uso dos direitos de propriedade intelectual da Relooking Imagem ou de terceiros.<\/p>\n<p>Se\u00e7\u00e3o 6 \u2013 Links para sites de terceiros<\/p>\n<p>Este website poder\u00e1, de tempos a tempos, conter links de hipertexto que redirecionar\u00e1 voc\u00ea para sites das redes dos nossos parceiros, anunciantes, fornecedores etc. Se voc\u00ea clicar em um desses links para qualquer um desses sites, lembre-se que cada site possui as suas pr\u00f3prias pr\u00e1ticas de privacidade e que n\u00e3o somos respons\u00e1veis por essas pol\u00edticas. Consulte as referidas pol\u00edticas antes de enviar quaisquer Dados Pessoais para esses sites.N\u00e3o nos responsabilizamos pelas pol\u00edticas e pr\u00e1ticas de coleta, uso e divulga\u00e7\u00e3o (incluindo pr\u00e1ticas de prote\u00e7\u00e3o de dados) de outras organiza\u00e7\u00f5es, tais como Facebook, Apple, Google, Microsoft, ou de qualquer outro desenvolvedor de software ou provedor de aplicativo, loja de m\u00eddia social, sistema operacional, prestador de servi\u00e7os de internet sem fio ou fabricante de dispositivos, incluindo todos os Dados Pessoais que divulgar para outras organiza\u00e7\u00f5es por meio dos aplicativos, relacionadas a tais aplicativos, ou publicadas em nossas p\u00e1ginas em m\u00eddias sociais. N\u00f3s recomendamos que voc\u00ea se informe sobre a pol\u00edtica de privacidade e termos de uso de cada site visitado ou de cada prestador de servi\u00e7o utilizado.<\/p>\n<p>Se\u00e7\u00e3o 7 \u2013 Prazos e altera\u00e7\u00f5es<\/p>\n<p>O funcionamento deste website se d\u00e1 por prazo indeterminado. O website no todo ou em cada uma das suas se\u00e7\u00f5es, pode ser encerrado, suspenso ou interrompido unilateralmente por Relooking Imagem, a qualquer momento e sem necessidade de pr\u00e9vio aviso.<\/p>\n<p>Se\u00e7\u00e3o 8 \u2013 Dados pessoais<\/p>\n<p>Durante a utiliza\u00e7\u00e3o deste website, certos dados pessoais ser\u00e3o coletados e tratados por Relooking Imagem e\/ou pelos Parceiros. As regras relacionadas ao tratamento de dados pessoais de Relooking Imagem est\u00e3o estipuladas na Pol\u00edtica de Privacidade.<\/p>\n<p>Se\u00e7\u00e3o 9 \u2013 Contato<\/p>\n<p>Caso voc\u00ea tenha qualquer d\u00favida sobre os Termos de Uso, por favor, entre em contato pelo e-mail <a href=\"mailto:denise@relookingimagem.com.br\">denise@relookingimagem.com.br.<\/a><\/p>\t\t\t\t\t\t\t\t<\/div>\n\t\t\t\t\t<\/div>\n\t\t\t\t<\/div>\n\t\t\t\t<\/div>","protected":false},"excerpt":{"rendered":"<p>Termos de Uso Esta pol\u00edtica de Termos de Uso \u00e9 v\u00e1lida a partir de Feb 2023. TERMOS DE USO \u2014 Relooking Imagem Relooking Imagem, pessoa jur\u00eddica de direito privado descreve, atrav\u00e9s deste documento, as regras de uso do site https:\/\/www.relookingimagem.com.br e qualquer outro site, loja ou aplicativo operado pelo propriet\u00e1rio. Ao navegar neste website, consideramos [&hellip;]<\/p>","protected":false},"author":9,"featured_media":0,"parent":0,"menu_order":0,"comment_status":"closed","ping_status":"closed","template":"","meta":{"footnotes":""},"class_list":["post-4846","page","type-page","status-publish","hentry"],"yoast_head":"<!-- This site is optimized with the Yoast SEO plugin v26.6 - https:\/\/yoast.com\/wordpress\/plugins\/seo\/ -->\n<title>Termos de Uso - Relooking Imagem<\/title>\n<meta name=\"robots\" content=\"index, follow, max-snippet:-1, max-image-preview:large, max-video-preview:-1\" \/>\n<link rel=\"canonical\" href=\"https:\/\/www.relookingimagem.com.br\/fr\/termos-de-uso-2\/\" \/>\n<meta property=\"og:locale\" content=\"fr_FR\" \/>\n<meta property=\"og:type\" content=\"article\" \/>\n<meta property=\"og:title\" content=\"Termos de Uso - Relooking Imagem\" \/>\n<meta property=\"og:description\" content=\"Termos de Uso Esta pol\u00edtica de Termos de Uso \u00e9 v\u00e1lida a partir de Feb 2023. TERMOS DE USO \u2014 Relooking Imagem Relooking Imagem, pessoa jur\u00eddica de direito privado descreve, atrav\u00e9s deste documento, as regras de uso do site https:\/\/www.relookingimagem.com.br e qualquer outro site, loja ou aplicativo operado pelo propriet\u00e1rio. Ao navegar neste website, consideramos [&hellip;]\" \/>\n<meta property=\"og:url\" content=\"https:\/\/www.relookingimagem.com.br\/fr\/termos-de-uso-2\/\" \/>\n<meta property=\"og:site_name\" content=\"Relooking Imagem\" \/>\n<meta property=\"article:modified_time\" content=\"2025-02-21T06:31:05+00:00\" \/>\n<meta name=\"twitter:card\" content=\"summary_large_image\" \/>\n<meta name=\"twitter:label1\" content=\"Dur\u00e9e de lecture estim\u00e9e\" \/>\n\t<meta name=\"twitter:data1\" content=\"6 minutes\" \/>\n<script type=\"application\/ld+json\" class=\"yoast-schema-graph\">{\"@context\":\"https:\/\/schema.org\",\"@graph\":[{\"@type\":\"WebPage\",\"@id\":\"https:\/\/www.relookingimagem.com.br\/termos-de-uso-2\/\",\"url\":\"https:\/\/www.relookingimagem.com.br\/termos-de-uso-2\/\",\"name\":\"Termos de Uso - Relooking Imagem\",\"isPartOf\":{\"@id\":\"https:\/\/www.relookingimagem.com.br\/#website\"},\"datePublished\":\"2024-09-03T23:28:52+00:00\",\"dateModified\":\"2025-02-21T06:31:05+00:00\",\"breadcrumb\":{\"@id\":\"https:\/\/www.relookingimagem.com.br\/termos-de-uso-2\/#breadcrumb\"},\"inLanguage\":\"fr-FR\",\"potentialAction\":[{\"@type\":\"ReadAction\",\"target\":[\"https:\/\/www.relookingimagem.com.br\/termos-de-uso-2\/\"]}]},{\"@type\":\"BreadcrumbList\",\"@id\":\"https:\/\/www.relookingimagem.com.br\/termos-de-uso-2\/#breadcrumb\",\"itemListElement\":[{\"@type\":\"ListItem\",\"position\":1,\"name\":\"Home\",\"item\":\"https:\/\/www.relookingimagem.com.br\/\"},{\"@type\":\"ListItem\",\"position\":2,\"name\":\"Termos de Uso\"}]},{\"@type\":\"WebSite\",\"@id\":\"https:\/\/www.relookingimagem.com.br\/#website\",\"url\":\"https:\/\/www.relookingimagem.com.br\/\",\"name\":\"Relooking Imagem\",\"description\":\"Consultoria de Imagem e Estilo\",\"publisher\":{\"@id\":\"https:\/\/www.relookingimagem.com.br\/#organization\"},\"potentialAction\":[{\"@type\":\"SearchAction\",\"target\":{\"@type\":\"EntryPoint\",\"urlTemplate\":\"https:\/\/www.relookingimagem.com.br\/?s={search_term_string}\"},\"query-input\":{\"@type\":\"PropertyValueSpecification\",\"valueRequired\":true,\"valueName\":\"search_term_string\"}}],\"inLanguage\":\"fr-FR\"},{\"@type\":\"Organization\",\"@id\":\"https:\/\/www.relookingimagem.com.br\/#organization\",\"name\":\"Relooking Imagem\",\"url\":\"https:\/\/www.relookingimagem.com.br\/\",\"logo\":{\"@type\":\"ImageObject\",\"inLanguage\":\"fr-FR\",\"@id\":\"https:\/\/www.relookingimagem.com.br\/#\/schema\/logo\/image\/\",\"url\":\"https:\/\/www.relookingimagem.com.br\/wp-content\/uploads\/2023\/03\/relookingimage-consultoria-imagem-pessoa.png\",\"contentUrl\":\"https:\/\/www.relookingimagem.com.br\/wp-content\/uploads\/2023\/03\/relookingimage-consultoria-imagem-pessoa.png\",\"width\":414,\"height\":180,\"caption\":\"Relooking Imagem\"},\"image\":{\"@id\":\"https:\/\/www.relookingimagem.com.br\/#\/schema\/logo\/image\/\"}}]}<\/script>\n<!-- \/ Yoast SEO plugin. -->","yoast_head_json":{"title":"Termos de Uso - Relooking Imagem","robots":{"index":"index","follow":"follow","max-snippet":"max-snippet:-1","max-image-preview":"max-image-preview:large","max-video-preview":"max-video-preview:-1"},"canonical":"https:\/\/www.relookingimagem.com.br\/fr\/termos-de-uso-2\/","og_locale":"fr_FR","og_type":"article","og_title":"Termos de Uso - Relooking Imagem","og_description":"Termos de Uso Esta pol\u00edtica de Termos de Uso \u00e9 v\u00e1lida a partir de Feb 2023. TERMOS DE USO \u2014 Relooking Imagem Relooking Imagem, pessoa jur\u00eddica de direito privado descreve, atrav\u00e9s deste documento, as regras de uso do site https:\/\/www.relookingimagem.com.br e qualquer outro site, loja ou aplicativo operado pelo propriet\u00e1rio. Ao navegar neste website, consideramos [&hellip;]","og_url":"https:\/\/www.relookingimagem.com.br\/fr\/termos-de-uso-2\/","og_site_name":"Relooking Imagem","article_modified_time":"2025-02-21T06:31:05+00:00","twitter_card":"summary_large_image","twitter_misc":{"Dur\u00e9e de lecture estim\u00e9e":"6 minutes"},"schema":{"@context":"https:\/\/schema.org","@graph":[{"@type":"WebPage","@id":"https:\/\/www.relookingimagem.com.br\/termos-de-uso-2\/","url":"https:\/\/www.relookingimagem.com.br\/termos-de-uso-2\/","name":"Termos de Uso - Relooking Imagem","isPartOf":{"@id":"https:\/\/www.relookingimagem.com.br\/#website"},"datePublished":"2024-09-03T23:28:52+00:00","dateModified":"2025-02-21T06:31:05+00:00","breadcrumb":{"@id":"https:\/\/www.relookingimagem.com.br\/termos-de-uso-2\/#breadcrumb"},"inLanguage":"fr-FR","potentialAction":[{"@type":"ReadAction","target":["https:\/\/www.relookingimagem.com.br\/termos-de-uso-2\/"]}]},{"@type":"BreadcrumbList","@id":"https:\/\/www.relookingimagem.com.br\/termos-de-uso-2\/#breadcrumb","itemListElement":[{"@type":"ListItem","position":1,"name":"Home","item":"https:\/\/www.relookingimagem.com.br\/"},{"@type":"ListItem","position":2,"name":"Termos de Uso"}]},{"@type":"WebSite","@id":"https:\/\/www.relookingimagem.com.br\/#website","url":"https:\/\/www.relookingimagem.com.br\/","name":"Relooking Imagem","description":"Consultoria de Imagem e Estilo","publisher":{"@id":"https:\/\/www.relookingimagem.com.br\/#organization"},"potentialAction":[{"@type":"SearchAction","target":{"@type":"EntryPoint","urlTemplate":"https:\/\/www.relookingimagem.com.br\/?s={search_term_string}"},"query-input":{"@type":"PropertyValueSpecification","valueRequired":true,"valueName":"search_term_string"}}],"inLanguage":"fr-FR"},{"@type":"Organization","@id":"https:\/\/www.relookingimagem.com.br\/#organization","name":"Relooking Imagem","url":"https:\/\/www.relookingimagem.com.br\/","logo":{"@type":"ImageObject","inLanguage":"fr-FR","@id":"https:\/\/www.relookingimagem.com.br\/#\/schema\/logo\/image\/","url":"https:\/\/www.relookingimagem.com.br\/wp-content\/uploads\/2023\/03\/relookingimage-consultoria-imagem-pessoa.png","contentUrl":"https:\/\/www.relookingimagem.com.br\/wp-content\/uploads\/2023\/03\/relookingimage-consultoria-imagem-pessoa.png","width":414,"height":180,"caption":"Relooking Imagem"},"image":{"@id":"https:\/\/www.relookingimagem.com.br\/#\/schema\/logo\/image\/"}}]}},"_links":{"self":[{"href":"https:\/\/www.relookingimagem.com.br\/fr\/wp-json\/wp\/v2\/pages\/4846","targetHints":{"allow":["GET"]}}],"collection":[{"href":"https:\/\/www.relookingimagem.com.br\/fr\/wp-json\/wp\/v2\/pages"}],"about":[{"href":"https:\/\/www.relookingimagem.com.br\/fr\/wp-json\/wp\/v2\/types\/page"}],"author":[{"embeddable":true,"href":"https:\/\/www.relookingimagem.com.br\/fr\/wp-json\/wp\/v2\/users\/9"}],"replies":[{"embeddable":true,"href":"https:\/\/www.relookingimagem.com.br\/fr\/wp-json\/wp\/v2\/comments?post=4846"}],"version-history":[{"count":0,"href":"https:\/\/www.relookingimagem.com.br\/fr\/wp-json\/wp\/v2\/pages\/4846\/revisions"}],"wp:attachment":[{"href":"https:\/\/www.relookingimagem.com.br\/fr\/wp-json\/wp\/v2\/media?parent=4846"}],"curies":[{"name":"wp","href":"https:\/\/api.w.org\/{rel}","templated":true}]}}