{"id":4629,"date":"2024-08-28T20:18:52","date_gmt":"2024-08-28T23:18:52","guid":{"rendered":"https:\/\/www.relookingimagem.com.br\/?page_id=4629"},"modified":"2024-09-30T07:59:37","modified_gmt":"2024-09-30T10:59:37","slug":"guia-rapido","status":"publish","type":"page","link":"https:\/\/www.relookingimagem.com.br\/fr\/guia-rapido\/","title":{"rendered":"Guide Rapide"},"content":{"rendered":"<div data-elementor-type=\"wp-page\" data-elementor-id=\"4629\" class=\"elementor elementor-4629\" data-elementor-post-type=\"page\">\n\t\t\t\t<div class=\"elementor-element elementor-element-0b35dac e-flex e-con-boxed e-con e-parent\" data-id=\"0b35dac\" data-element_type=\"container\" data-e-type=\"container\" data-settings=\"{&quot;background_background&quot;:&quot;classic&quot;}\">\n\t\t\t\t\t<div class=\"e-con-inner\">\n\t\t<div class=\"elementor-element elementor-element-dc5d51d e-con-full e-flex e-con e-child\" data-id=\"dc5d51d\" data-element_type=\"container\" data-e-type=\"container\">\n\t\t\t\t<div class=\"elementor-element elementor-element-876eb0a elementor-widget__width-initial elementor-widget elementor-widget-heading\" data-id=\"876eb0a\" data-element_type=\"widget\" data-e-type=\"widget\" data-widget_type=\"heading.default\">\n\t\t\t\t\t<h2 class=\"elementor-heading-title elementor-size-default\">7 \u00e9tapes pour b\u00e2tir votre leadership gr\u00e2ce \u00e0 la transformation<\/h2>\t\t\t\t<\/div>\n\t\t\t\t<div class=\"elementor-element elementor-element-9928c58 elementor-widget__width-initial elementor-widget elementor-widget-text-editor\" data-id=\"9928c58\" data-element_type=\"widget\" data-e-type=\"widget\" data-widget_type=\"text-editor.default\">\n\t\t\t\t\t\t\t\t\t<p id=\"brxe-dpgeel\" class=\"brxe-text-basic fr-lede fr-squeeze-alpha__lede\">Un guide qui vous aide\u00a0\u00e0 am\u00e9liorer votre image personnelle\u00a0et, par cons\u00e9quent, vos\u00a0r\u00e9sultats personnels et professionnels.<\/p>\t\t\t\t\t\t\t\t<\/div>\n\t\t\t\t<div class=\"elementor-element elementor-element-c76573b elementor-widget__width-initial elementor-icon-list--layout-traditional elementor-list-item-link-full_width elementor-widget elementor-widget-icon-list\" data-id=\"c76573b\" data-element_type=\"widget\" data-e-type=\"widget\" data-widget_type=\"icon-list.default\">\n\t\t\t\t\t\t\t<ul class=\"elementor-icon-list-items\">\n\t\t\t\t\t\t\t<li class=\"elementor-icon-list-item\">\n\t\t\t\t\t\t\t\t\t\t\t<span class=\"elementor-icon-list-icon\">\n\t\t\t\t\t\t\t<svg aria-hidden=\"true\" class=\"e-font-icon-svg e-far-check-circle\" viewbox=\"0 0 512 512\" xmlns=\"http:\/\/www.w3.org\/2000\/svg\"><path d=\"M256 8C119.033 8 8 119.033 8 256s111.033 248 248 248 248-111.033 248-248S392.967 8 256 8zm0 48c110.532 0 200 89.451 200 200 0 110.532-89.451 200-200 200-110.532 0-200-89.451-200-200 0-110.532 89.451-200 200-200m140.204 130.267l-22.536-22.718c-4.667-4.705-12.265-4.736-16.97-.068L215.346 303.697l-59.792-60.277c-4.667-4.705-12.265-4.736-16.97-.069l-22.719 22.536c-4.705 4.667-4.736 12.265-.068 16.971l90.781 91.516c4.667 4.705 12.265 4.736 16.97.068l172.589-171.204c4.704-4.668 4.734-12.266.067-16.971z\"><\/path><\/svg>\t\t\t\t\t\t<\/span>\n\t\t\t\t\t\t\t\t\t\t<span class=\"elementor-icon-list-text\">Comprendre comment b\u00e2tir votre leadership en transformant votre image personnelle<\/span>\n\t\t\t\t\t\t\t\t\t<\/li>\n\t\t\t\t\t\t\t\t<li class=\"elementor-icon-list-item\">\n\t\t\t\t\t\t\t\t\t\t\t<span class=\"elementor-icon-list-icon\">\n\t\t\t\t\t\t\t<svg aria-hidden=\"true\" class=\"e-font-icon-svg e-far-check-circle\" viewbox=\"0 0 512 512\" xmlns=\"http:\/\/www.w3.org\/2000\/svg\"><path d=\"M256 8C119.033 8 8 119.033 8 256s111.033 248 248 248 248-111.033 248-248S392.967 8 256 8zm0 48c110.532 0 200 89.451 200 200 0 110.532-89.451 200-200 200-110.532 0-200-89.451-200-200 0-110.532 89.451-200 200-200m140.204 130.267l-22.536-22.718c-4.667-4.705-12.265-4.736-16.97-.068L215.346 303.697l-59.792-60.277c-4.667-4.705-12.265-4.736-16.97-.069l-22.719 22.536c-4.705 4.667-4.736 12.265-.068 16.971l90.781 91.516c4.667 4.705 12.265 4.736 16.97.068l172.589-171.204c4.704-4.668 4.734-12.266.067-16.971z\"><\/path><\/svg>\t\t\t\t\t\t<\/span>\n\t\t\t\t\t\t\t\t\t\t<span class=\"elementor-icon-list-text\">L'estime de soi et la confiance en soi sont des aspects importants de la personnalit\u00e9 qui affectent directement l'image personnelle.<\/span>\n\t\t\t\t\t\t\t\t\t<\/li>\n\t\t\t\t\t\t\t\t<li class=\"elementor-icon-list-item\">\n\t\t\t\t\t\t\t\t\t\t\t<span class=\"elementor-icon-list-icon\">\n\t\t\t\t\t\t\t<svg aria-hidden=\"true\" class=\"e-font-icon-svg e-far-check-circle\" viewbox=\"0 0 512 512\" xmlns=\"http:\/\/www.w3.org\/2000\/svg\"><path d=\"M256 8C119.033 8 8 119.033 8 256s111.033 248 248 248 248-111.033 248-248S392.967 8 256 8zm0 48c110.532 0 200 89.451 200 200 0 110.532-89.451 200-200 200-110.532 0-200-89.451-200-200 0-110.532 89.451-200 200-200m140.204 130.267l-22.536-22.718c-4.667-4.705-12.265-4.736-16.97-.068L215.346 303.697l-59.792-60.277c-4.667-4.705-12.265-4.736-16.97-.069l-22.719 22.536c-4.705 4.667-4.736 12.265-.068 16.971l90.781 91.516c4.667 4.705 12.265 4.736 16.97.068l172.589-171.204c4.704-4.668 4.734-12.266.067-16.971z\"><\/path><\/svg>\t\t\t\t\t\t<\/span>\n\t\t\t\t\t\t\t\t\t\t<span class=\"elementor-icon-list-text\">D\u00e9couvrez comment utiliser votre image \u00e0 votre avantage<\/span>\n\t\t\t\t\t\t\t\t\t<\/li>\n\t\t\t\t\t\t<\/ul>\n\t\t\t\t\t\t<\/div>\n\t\t\t\t<\/div>\n\t\t<div class=\"elementor-element elementor-element-b683bfd e-con-full e-flex e-con e-child\" data-id=\"b683bfd\" data-element_type=\"container\" data-e-type=\"container\" data-settings=\"{&quot;background_background&quot;:&quot;classic&quot;}\">\n\t\t\t\t<div class=\"elementor-element elementor-element-c39b836 elementor-widget__width-initial elementor-widget elementor-widget-text-editor\" data-id=\"c39b836\" data-element_type=\"widget\" data-e-type=\"widget\" data-widget_type=\"text-editor.default\">\n\t\t\t\t\t\t\t\t\t<div id=\"brxe-kzulsq\" class=\"brxe-text-basic fr-squeeze-alpha__explainer-text\"><div id=\"brxe-nwtcyv\" class=\"brxe-text-basic fr-squeeze-alpha__explainer-text\">T\u00e9l\u00e9chargez le guide rapide pour d\u00e9couvrir comment d\u00e9velopper votre leadership<\/div><\/div>\t\t\t\t\t\t\t\t<\/div>\n\t\t\t\t<div class=\"elementor-element elementor-element-e37f252 elementor-button-align-start elementor-widget__width-initial elementor-tablet-button-align-center elementor-widget elementor-widget-form\" data-id=\"e37f252\" data-element_type=\"widget\" data-e-type=\"widget\" data-settings=\"{&quot;step_next_label&quot;:&quot;Pr\\u00f3ximo&quot;,&quot;step_previous_label&quot;:&quot;Anterior&quot;,&quot;button_width&quot;:&quot;100&quot;,&quot;step_type&quot;:&quot;number_text&quot;,&quot;step_icon_shape&quot;:&quot;circle&quot;}\" data-widget_type=\"form.default\">\n\t\t\t\t\t\t\t<form class=\"elementor-form\" method=\"post\" name=\"E-book - 7 passos\" aria-label=\"E-book - 7 passos\" novalidate=\"\" action=\"\">\n\t\t\t<input type=\"hidden\" name=\"post_id\" value=\"4629\"\/>\n\t\t\t<input type=\"hidden\" name=\"form_id\" value=\"e37f252\"\/>\n\t\t\t<input type=\"hidden\" name=\"referer_title\" value=\"Guia R\u00e1pido - Relooking Imagem\" \/>\n\n\t\t\t\t\t\t\t<input type=\"hidden\" name=\"queried_id\" value=\"4629\"\/>\n\t\t\t\n\t\t\t<div class=\"elementor-form-fields-wrapper elementor-labels-above\">\n\t\t\t\t\t\t\t\t<div class=\"elementor-field-type-text elementor-field-group elementor-column elementor-field-group-name elementor-col-100\">\n\t\t\t\t\t\t\t\t\t\t\t\t\t<input size=\"1\" type=\"text\" name=\"form_fields[name]\" id=\"form-field-name\" class=\"elementor-field elementor-size-sm  elementor-field-textual\" placeholder=\"Nom et pr\u00e9nom\">\n\t\t\t\t\t\t\t\t\t\t\t<\/div>\n\t\t\t\t\t\t\t\t<div class=\"elementor-field-type-email elementor-field-group elementor-column elementor-field-group-email elementor-col-100 elementor-field-required\">\n\t\t\t\t\t\t\t\t\t\t\t\t\t<input size=\"1\" type=\"email\" name=\"form_fields[email]\" id=\"form-field-email\" class=\"elementor-field elementor-size-sm  elementor-field-textual\" placeholder=\"E-mail\" required=\"required\">\n\t\t\t\t\t\t\t\t\t\t\t<\/div>\n\t\t\t\t\t\t\t\t<div class=\"elementor-field-group elementor-column elementor-field-type-submit elementor-col-100 e-form__buttons\">\n\t\t\t\t\t<button class=\"elementor-button elementor-size-sm\" type=\"submit\">\n\t\t\t\t\t\t<span class=\"elementor-button-content-wrapper\">\n\t\t\t\t\t\t\t\t\t\t\t\t\t\t\t\t\t\t\t\t\t\t<span class=\"elementor-button-text\">Inscrivez-vous et t\u00e9l\u00e9chargez<\/span>\n\t\t\t\t\t\t\t\t\t\t\t\t\t<\/span>\n\t\t\t\t\t<\/button>\n\t\t\t\t<\/div>\n\t\t\t<\/div>\n\t\t<input type=\"hidden\" name=\"trp-form-language\" value=\"fr\"\/><\/form>\n\t\t\t\t\t\t<\/div>\n\t\t\t\t<div class=\"elementor-element elementor-element-5b27c6f elementor-widget__width-initial elementor-widget elementor-widget-text-editor\" data-id=\"5b27c6f\" data-element_type=\"widget\" data-e-type=\"widget\" data-widget_type=\"text-editor.default\">\n\t\t\t\t\t\t\t\t\t<div id=\"brxe-kzulsq\" class=\"brxe-text-basic fr-squeeze-alpha__explainer-text\">Votre email ne sera pas utilis\u00e9 comme spam ni transmis \u00e0 des tiers. Le seul but de la collecte d\u2019e-mails est de vous envoyer des articles et des actualit\u00e9s.<\/div>\t\t\t\t\t\t\t\t<\/div>\n\t\t\t\t<\/div>\n\t\t\t\t\t<\/div>\n\t\t\t\t<\/div>\n\t\t\t\t<\/div>","protected":false},"excerpt":{"rendered":"<p>7 passos para construir sua lideran\u00e7a atrav\u00e9s da transforma\u00e7\u00e3o da imagem pessoal Um guia que ajuda\u00a0melhorar sua imagem pessoal\u00a0e, consequentemente, seus\u00a0resultados pessoais e\u00a0profissionais. Entenda como construir sua lideran\u00e7a atrav\u00e9s da transforma\u00e7\u00e3o da imagem pessoal A autoestima e a confian\u00e7a s\u00e3o importantes aspectos da personalidade que afetam diretamente a imagem pessoal Descubra como usar sua imagem [&hellip;]<\/p>","protected":false},"author":1,"featured_media":0,"parent":0,"menu_order":0,"comment_status":"closed","ping_status":"closed","template":"","meta":{"footnotes":""},"class_list":["post-4629","page","type-page","status-publish","hentry"],"yoast_head":"<!-- This site is optimized with the Yoast SEO plugin v26.6 - https:\/\/yoast.com\/wordpress\/plugins\/seo\/ -->\n<title>Guia R\u00e1pido - Relooking Imagem<\/title>\n<meta name=\"robots\" content=\"index, follow, max-snippet:-1, max-image-preview:large, max-video-preview:-1\" \/>\n<link rel=\"canonical\" href=\"https:\/\/www.relookingimagem.com.br\/fr\/guia-rapido\/\" \/>\n<meta property=\"og:locale\" content=\"fr_FR\" \/>\n<meta property=\"og:type\" content=\"article\" \/>\n<meta property=\"og:title\" content=\"Guia R\u00e1pido - Relooking Imagem\" \/>\n<meta property=\"og:description\" content=\"7 passos para construir sua lideran\u00e7a atrav\u00e9s da transforma\u00e7\u00e3o da imagem pessoal Um guia que ajuda\u00a0melhorar sua imagem pessoal\u00a0e, consequentemente, seus\u00a0resultados pessoais e\u00a0profissionais. Entenda como construir sua lideran\u00e7a atrav\u00e9s da transforma\u00e7\u00e3o da imagem pessoal A autoestima e a confian\u00e7a s\u00e3o importantes aspectos da personalidade que afetam diretamente a imagem pessoal Descubra como usar sua imagem [&hellip;]\" \/>\n<meta property=\"og:url\" content=\"https:\/\/www.relookingimagem.com.br\/fr\/guia-rapido\/\" \/>\n<meta property=\"og:site_name\" content=\"Relooking Imagem\" \/>\n<meta property=\"article:modified_time\" content=\"2024-09-30T10:59:37+00:00\" \/>\n<meta name=\"twitter:card\" content=\"summary_large_image\" \/>\n<meta name=\"twitter:label1\" content=\"Dur\u00e9e de lecture estim\u00e9e\" \/>\n\t<meta name=\"twitter:data1\" content=\"1 minute\" \/>\n<script type=\"application\/ld+json\" class=\"yoast-schema-graph\">{\"@context\":\"https:\/\/schema.org\",\"@graph\":[{\"@type\":\"WebPage\",\"@id\":\"https:\/\/www.relookingimagem.com.br\/guia-rapido\/\",\"url\":\"https:\/\/www.relookingimagem.com.br\/guia-rapido\/\",\"name\":\"Guia R\u00e1pido - Relooking Imagem\",\"isPartOf\":{\"@id\":\"https:\/\/www.relookingimagem.com.br\/#website\"},\"datePublished\":\"2024-08-28T23:18:52+00:00\",\"dateModified\":\"2024-09-30T10:59:37+00:00\",\"breadcrumb\":{\"@id\":\"https:\/\/www.relookingimagem.com.br\/guia-rapido\/#breadcrumb\"},\"inLanguage\":\"fr-FR\",\"potentialAction\":[{\"@type\":\"ReadAction\",\"target\":[\"https:\/\/www.relookingimagem.com.br\/guia-rapido\/\"]}]},{\"@type\":\"BreadcrumbList\",\"@id\":\"https:\/\/www.relookingimagem.com.br\/guia-rapido\/#breadcrumb\",\"itemListElement\":[{\"@type\":\"ListItem\",\"position\":1,\"name\":\"Home\",\"item\":\"https:\/\/www.relookingimagem.com.br\/\"},{\"@type\":\"ListItem\",\"position\":2,\"name\":\"Guia R\u00e1pido\"}]},{\"@type\":\"WebSite\",\"@id\":\"https:\/\/www.relookingimagem.com.br\/#website\",\"url\":\"https:\/\/www.relookingimagem.com.br\/\",\"name\":\"Relooking Imagem\",\"description\":\"Consultoria de Imagem e Estilo\",\"publisher\":{\"@id\":\"https:\/\/www.relookingimagem.com.br\/#organization\"},\"potentialAction\":[{\"@type\":\"SearchAction\",\"target\":{\"@type\":\"EntryPoint\",\"urlTemplate\":\"https:\/\/www.relookingimagem.com.br\/?s={search_term_string}\"},\"query-input\":{\"@type\":\"PropertyValueSpecification\",\"valueRequired\":true,\"valueName\":\"search_term_string\"}}],\"inLanguage\":\"fr-FR\"},{\"@type\":\"Organization\",\"@id\":\"https:\/\/www.relookingimagem.com.br\/#organization\",\"name\":\"Relooking Imagem\",\"url\":\"https:\/\/www.relookingimagem.com.br\/\",\"logo\":{\"@type\":\"ImageObject\",\"inLanguage\":\"fr-FR\",\"@id\":\"https:\/\/www.relookingimagem.com.br\/#\/schema\/logo\/image\/\",\"url\":\"https:\/\/www.relookingimagem.com.br\/wp-content\/uploads\/2023\/03\/relookingimage-consultoria-imagem-pessoa.png\",\"contentUrl\":\"https:\/\/www.relookingimagem.com.br\/wp-content\/uploads\/2023\/03\/relookingimage-consultoria-imagem-pessoa.png\",\"width\":414,\"height\":180,\"caption\":\"Relooking Imagem\"},\"image\":{\"@id\":\"https:\/\/www.relookingimagem.com.br\/#\/schema\/logo\/image\/\"}}]}<\/script>\n<!-- \/ Yoast SEO plugin. -->","yoast_head_json":{"title":"Guia R\u00e1pido - Relooking Imagem","robots":{"index":"index","follow":"follow","max-snippet":"max-snippet:-1","max-image-preview":"max-image-preview:large","max-video-preview":"max-video-preview:-1"},"canonical":"https:\/\/www.relookingimagem.com.br\/fr\/guia-rapido\/","og_locale":"fr_FR","og_type":"article","og_title":"Guia R\u00e1pido - Relooking Imagem","og_description":"7 passos para construir sua lideran\u00e7a atrav\u00e9s da transforma\u00e7\u00e3o da imagem pessoal Um guia que ajuda\u00a0melhorar sua imagem pessoal\u00a0e, consequentemente, seus\u00a0resultados pessoais e\u00a0profissionais. Entenda como construir sua lideran\u00e7a atrav\u00e9s da transforma\u00e7\u00e3o da imagem pessoal A autoestima e a confian\u00e7a s\u00e3o importantes aspectos da personalidade que afetam diretamente a imagem pessoal Descubra como usar sua imagem [&hellip;]","og_url":"https:\/\/www.relookingimagem.com.br\/fr\/guia-rapido\/","og_site_name":"Relooking Imagem","article_modified_time":"2024-09-30T10:59:37+00:00","twitter_card":"summary_large_image","twitter_misc":{"Dur\u00e9e de lecture estim\u00e9e":"1 minute"},"schema":{"@context":"https:\/\/schema.org","@graph":[{"@type":"WebPage","@id":"https:\/\/www.relookingimagem.com.br\/guia-rapido\/","url":"https:\/\/www.relookingimagem.com.br\/guia-rapido\/","name":"Guia R\u00e1pido - Relooking Imagem","isPartOf":{"@id":"https:\/\/www.relookingimagem.com.br\/#website"},"datePublished":"2024-08-28T23:18:52+00:00","dateModified":"2024-09-30T10:59:37+00:00","breadcrumb":{"@id":"https:\/\/www.relookingimagem.com.br\/guia-rapido\/#breadcrumb"},"inLanguage":"fr-FR","potentialAction":[{"@type":"ReadAction","target":["https:\/\/www.relookingimagem.com.br\/guia-rapido\/"]}]},{"@type":"BreadcrumbList","@id":"https:\/\/www.relookingimagem.com.br\/guia-rapido\/#breadcrumb","itemListElement":[{"@type":"ListItem","position":1,"name":"Home","item":"https:\/\/www.relookingimagem.com.br\/"},{"@type":"ListItem","position":2,"name":"Guia R\u00e1pido"}]},{"@type":"WebSite","@id":"https:\/\/www.relookingimagem.com.br\/#website","url":"https:\/\/www.relookingimagem.com.br\/","name":"Relooking Imagem","description":"Consultoria de Imagem e Estilo","publisher":{"@id":"https:\/\/www.relookingimagem.com.br\/#organization"},"potentialAction":[{"@type":"SearchAction","target":{"@type":"EntryPoint","urlTemplate":"https:\/\/www.relookingimagem.com.br\/?s={search_term_string}"},"query-input":{"@type":"PropertyValueSpecification","valueRequired":true,"valueName":"search_term_string"}}],"inLanguage":"fr-FR"},{"@type":"Organization","@id":"https:\/\/www.relookingimagem.com.br\/#organization","name":"Relooking Imagem","url":"https:\/\/www.relookingimagem.com.br\/","logo":{"@type":"ImageObject","inLanguage":"fr-FR","@id":"https:\/\/www.relookingimagem.com.br\/#\/schema\/logo\/image\/","url":"https:\/\/www.relookingimagem.com.br\/wp-content\/uploads\/2023\/03\/relookingimage-consultoria-imagem-pessoa.png","contentUrl":"https:\/\/www.relookingimagem.com.br\/wp-content\/uploads\/2023\/03\/relookingimage-consultoria-imagem-pessoa.png","width":414,"height":180,"caption":"Relooking Imagem"},"image":{"@id":"https:\/\/www.relookingimagem.com.br\/#\/schema\/logo\/image\/"}}]}},"_links":{"self":[{"href":"https:\/\/www.relookingimagem.com.br\/fr\/wp-json\/wp\/v2\/pages\/4629","targetHints":{"allow":["GET"]}}],"collection":[{"href":"https:\/\/www.relookingimagem.com.br\/fr\/wp-json\/wp\/v2\/pages"}],"about":[{"href":"https:\/\/www.relookingimagem.com.br\/fr\/wp-json\/wp\/v2\/types\/page"}],"author":[{"embeddable":true,"href":"https:\/\/www.relookingimagem.com.br\/fr\/wp-json\/wp\/v2\/users\/1"}],"replies":[{"embeddable":true,"href":"https:\/\/www.relookingimagem.com.br\/fr\/wp-json\/wp\/v2\/comments?post=4629"}],"version-history":[{"count":0,"href":"https:\/\/www.relookingimagem.com.br\/fr\/wp-json\/wp\/v2\/pages\/4629\/revisions"}],"wp:attachment":[{"href":"https:\/\/www.relookingimagem.com.br\/fr\/wp-json\/wp\/v2\/media?parent=4629"}],"curies":[{"name":"wp","href":"https:\/\/api.w.org\/{rel}","templated":true}]}}